{"id":25,"date":"2025-05-29T22:07:51","date_gmt":"2025-05-29T20:07:51","guid":{"rendered":"https:\/\/me.efi.ohmportal.de\/blog\/?page_id=25"},"modified":"2025-05-29T23:05:44","modified_gmt":"2025-05-29T21:05:44","slug":"vision","status":"publish","type":"page","link":"https:\/\/me.efi.ohmportal.de\/blog\/","title":{"rendered":"Vision"},"content":{"rendered":"\n<p>Unsere Vision ist es, eine lebendige und inspirierende Lernumgebung zu schaffen, in der Studierende ihre Leidenschaft f\u00fcr Technologie, Kreativit\u00e4t und die Entwicklung intuitiv nutzbarer Produkte entdecken. Wir m\u00f6chten eine neue Generation von Media Engineers hervorbringen, die nicht nur exzellente technische Kenntnisse besitzen, sondern auch das Potenzial haben, innovative und ansprechende L\u00f6sungen zu entwickeln, die eine positive User Experience bieten und Freude bereiten.\u00a0<\/p>\n","protected":false},"excerpt":{"rendered":"<p>Unsere Vision ist es, eine lebendige und inspirierende Lernumgebung zu schaffen, in der Studierende ihre Leidenschaft f\u00fcr Technologie, Kreativit\u00e4t und die Entwicklung intuitiv nutzbarer Produkte entdecken. Wir m\u00f6chten eine neue Generation von Media Engineers hervorbringen, die nicht nur exzellente technische Kenntnisse besitzen, sondern auch das Potenzial haben, innovative und ansprechende L\u00f6sungen zu entwickeln, die eine &hellip; <a href=\"https:\/\/me.efi.ohmportal.de\/blog\/\" class=\"more-link\"><span class=\"screen-reader-text\">Vision<\/span> weiterlesen<\/a><\/p>\n","protected":false},"author":3,"featured_media":42,"parent":0,"menu_order":0,"comment_status":"closed","ping_status":"closed","template":"","meta":{"footnotes":""},"class_list":["post-25","page","type-page","status-publish","has-post-thumbnail","hentry"],"_links":{"self":[{"href":"https:\/\/me.efi.ohmportal.de\/blog\/wp-json\/wp\/v2\/pages\/25","targetHints":{"allow":["GET"]}}],"collection":[{"href":"https:\/\/me.efi.ohmportal.de\/blog\/wp-json\/wp\/v2\/pages"}],"about":[{"href":"https:\/\/me.efi.ohmportal.de\/blog\/wp-json\/wp\/v2\/types\/page"}],"author":[{"embeddable":true,"href":"https:\/\/me.efi.ohmportal.de\/blog\/wp-json\/wp\/v2\/users\/3"}],"replies":[{"embeddable":true,"href":"https:\/\/me.efi.ohmportal.de\/blog\/wp-json\/wp\/v2\/comments?post=25"}],"version-history":[{"count":2,"href":"https:\/\/me.efi.ohmportal.de\/blog\/wp-json\/wp\/v2\/pages\/25\/revisions"}],"predecessor-version":[{"id":28,"href":"https:\/\/me.efi.ohmportal.de\/blog\/wp-json\/wp\/v2\/pages\/25\/revisions\/28"}],"wp:featuredmedia":[{"embeddable":true,"href":"https:\/\/me.efi.ohmportal.de\/blog\/wp-json\/wp\/v2\/media\/42"}],"wp:attachment":[{"href":"https:\/\/me.efi.ohmportal.de\/blog\/wp-json\/wp\/v2\/media?parent=25"}],"curies":[{"name":"wp","href":"https:\/\/api.w.org\/{rel}","templated":true}]}}